{"id":2990,"date":"2023-03-02T10:54:50","date_gmt":"2023-03-02T10:54:50","guid":{"rendered":"https:\/\/zafiro.club\/?post_type=product&#038;p=2990"},"modified":"2023-03-02T10:57:41","modified_gmt":"2023-03-02T10:57:41","slug":"agua-zafiro-500-ml","status":"publish","type":"product","link":"https:\/\/zafiroh2o.com\/index.php\/product\/agua-zafiro-500-ml\/","title":{"rendered":"Agua Zafiro 500 ML"},"content":{"rendered":"<p>Nuestro agua de 500 ml litros es la soluci\u00f3n perfecta para mantener tu hogar o empresa siempre hidratados con agua pura y saludable. Gracias a nuestro sistema de filtrado de alta calidad, puedes confiar en que cada gota que bebes est\u00e1 libre de impurezas y contaminantes, protegiendo la salud de tu familia y colaboradores. Adem\u00e1s, nuestro servicio de entrega a domicilio asegura que nunca te quedes sin agua, y nuestro equipo de control de calidad se asegura de que cada botella cumpla con los est\u00e1ndares m\u00e1s altos de seguridad y calidad. \u00danete a la comunidad Zafiro y disfruta del agua m\u00e1s pura y fresca en todo momento.<\/p>\n","protected":false},"excerpt":{"rendered":"<p>Agua pura y saludable para tu hogar y oficina, \u00a1Disfruta de agua fresca y de calidad con Zafiro!<\/p>\n","protected":false},"featured_media":2875,"comment_status":"open","ping_status":"closed","template":"","meta":{"inline_featured_image":false},"product_cat":[29],"product_tag":[74,41],"class_list":{"0":"post-2990","1":"product","2":"type-product","3":"status-publish","4":"has-post-thumbnail","6":"make_type-agua-mineral","7":"make_brand-plastico","8":"make_variation-sin-gas","9":"product_cat-agua-mineral","10":"product_tag-agua","11":"product_tag-mineral","13":"first","14":"instock","15":"sale","16":"featured","17":"shipping-taxable","18":"purchasable","19":"product-type-simple"},"_links":{"self":[{"href":"https:\/\/zafiroh2o.com\/index.php\/wp-json\/wp\/v2\/product\/2990"}],"collection":[{"href":"https:\/\/zafiroh2o.com\/index.php\/wp-json\/wp\/v2\/product"}],"about":[{"href":"https:\/\/zafiroh2o.com\/index.php\/wp-json\/wp\/v2\/types\/product"}],"replies":[{"embeddable":true,"href":"https:\/\/zafiroh2o.com\/index.php\/wp-json\/wp\/v2\/comments?post=2990"}],"version-history":[{"count":1,"href":"https:\/\/zafiroh2o.com\/index.php\/wp-json\/wp\/v2\/product\/2990\/revisions"}],"predecessor-version":[{"id":2991,"href":"https:\/\/zafiroh2o.com\/index.php\/wp-json\/wp\/v2\/product\/2990\/revisions\/2991"}],"wp:featuredmedia":[{"embeddable":true,"href":"https:\/\/zafiroh2o.com\/index.php\/wp-json\/wp\/v2\/media\/2875"}],"wp:attachment":[{"href":"https:\/\/zafiroh2o.com\/index.php\/wp-json\/wp\/v2\/media?parent=2990"}],"wp:term":[{"taxonomy":"product_cat","embeddable":true,"href":"https:\/\/zafiroh2o.com\/index.php\/wp-json\/wp\/v2\/product_cat?post=2990"},{"taxonomy":"product_tag","embeddable":true,"href":"https:\/\/zafiroh2o.com\/index.php\/wp-json\/wp\/v2\/product_tag?post=2990"}],"curies":[{"name":"wp","href":"https:\/\/api.w.org\/{rel}","templated":true}]}}