{"id":1438,"date":"2022-04-27T07:07:38","date_gmt":"2022-04-27T07:07:38","guid":{"rendered":"https:\/\/z.commonsupport.com\/acuasafe\/?post_type=product&#038;p=1438"},"modified":"2023-03-04T14:40:27","modified_gmt":"2023-03-04T14:40:27","slug":"agua-zafiro-20-l","status":"publish","type":"product","link":"https:\/\/zafiroh2o.com\/index.php\/product\/agua-zafiro-20-l\/","title":{"rendered":"Agua Zafiro 20L"},"content":{"rendered":"<p>Nuestro agua de 20 litros es la soluci\u00f3n perfecta para mantener tu hogar o empresa siempre hidratados con agua pura y saludable. Gracias a nuestro sistema de filtrado de alta calidad, puedes confiar en que cada gota que bebes est\u00e1 libre de impurezas y contaminantes, protegiendo la salud de tu familia y colaboradores. Adem\u00e1s, nuestro servicio de entrega a domicilio asegura que nunca te quedes sin agua, y nuestro equipo de control de calidad se asegura de que cada botella cumpla con los est\u00e1ndares m\u00e1s altos de seguridad y calidad. \u00danete a la comunidad Zafiro y disfruta del agua m\u00e1s pura y fresca en todo momento.<\/p>\n","protected":false},"excerpt":{"rendered":"<p>Agua pura y saludable para tu hogar y oficina, \u00a1Disfruta de agua fresca y de calidad con Zafiro!<\/p>\n","protected":false},"featured_media":2874,"comment_status":"open","ping_status":"closed","template":"","meta":{"inline_featured_image":false},"product_cat":[29],"product_tag":[40,56],"class_list":{"0":"post-1438","1":"product","2":"type-product","3":"status-publish","4":"has-post-thumbnail","6":"make_type-mineral-water","7":"make_type-sparkling-water","8":"make_brand-pet-bottle","9":"make_brand-plastic","10":"make_model-20000ml","11":"make_variation-cold","12":"make_variation-hot","13":"product_cat-agua-mineral","14":"product_tag-minarals","15":"product_tag-water","17":"first","18":"instock","19":"sale","20":"featured","21":"shipping-taxable","22":"purchasable","23":"product-type-simple"},"_links":{"self":[{"href":"https:\/\/zafiroh2o.com\/index.php\/wp-json\/wp\/v2\/product\/1438"}],"collection":[{"href":"https:\/\/zafiroh2o.com\/index.php\/wp-json\/wp\/v2\/product"}],"about":[{"href":"https:\/\/zafiroh2o.com\/index.php\/wp-json\/wp\/v2\/types\/product"}],"replies":[{"embeddable":true,"href":"https:\/\/zafiroh2o.com\/index.php\/wp-json\/wp\/v2\/comments?post=1438"}],"version-history":[{"count":4,"href":"https:\/\/zafiroh2o.com\/index.php\/wp-json\/wp\/v2\/product\/1438\/revisions"}],"predecessor-version":[{"id":3034,"href":"https:\/\/zafiroh2o.com\/index.php\/wp-json\/wp\/v2\/product\/1438\/revisions\/3034"}],"wp:featuredmedia":[{"embeddable":true,"href":"https:\/\/zafiroh2o.com\/index.php\/wp-json\/wp\/v2\/media\/2874"}],"wp:attachment":[{"href":"https:\/\/zafiroh2o.com\/index.php\/wp-json\/wp\/v2\/media?parent=1438"}],"wp:term":[{"taxonomy":"product_cat","embeddable":true,"href":"https:\/\/zafiroh2o.com\/index.php\/wp-json\/wp\/v2\/product_cat?post=1438"},{"taxonomy":"product_tag","embeddable":true,"href":"https:\/\/zafiroh2o.com\/index.php\/wp-json\/wp\/v2\/product_tag?post=1438"}],"curies":[{"name":"wp","href":"https:\/\/api.w.org\/{rel}","templated":true}]}}